{"id":5278,"date":"2021-05-29T19:40:22","date_gmt":"2021-05-29T16:40:22","guid":{"rendered":"https:\/\/viptransfer.web.tr\/?page_id=5278"},"modified":"2021-05-30T10:46:56","modified_gmt":"2021-05-30T07:46:56","slug":"intellectual-property","status":"publish","type":"page","link":"https:\/\/viptransfer.web.tr\/sv\/intellectual-property\/","title":{"rendered":"Immateriella r\u00e4ttigheter"},"content":{"rendered":"<p><div class=\"fusion-fullwidth fullwidth-box fusion-builder-row-11 fusion-parallax-none nonhundred-percent-fullwidth non-hundred-percent-height-scrolling fusion-equal-height-columns\"  style='background-color: rgba(255,255,255,0);background-image: url(\"https:\/\/viptransfer.web.tr\/wp-content\/uploads\/2020\/01\/avada-taxi-blog-07.jpg\");background-image:linear-gradient(180deg, #000000 0%,rgba(255,255,255,0) 100%),url(https:\/\/viptransfer.web.tr\/wp-content\/uploads\/2020\/01\/avada-taxi-blog-07.jpg);background-position: center center;background-repeat: no-repeat;padding-top:2%;padding-right:0px;padding-bottom:2%;padding-left:0px;-webkit-background-size:cover;-moz-background-size:cover;-o-background-size:cover;background-size:cover;'><div class=\"fusion-builder-row fusion-row \"><div  data-animationType=fadeInDown data-animationDuration=1.0 data-animationOffset=100% class=\"fusion-layout-column fusion_builder_column fusion_builder_column_1_1 fusion-builder-column-15 fusion-one-full fusion-column-first fusion-column-last fusion-column-no-min-height fusion-animated 1_1\"  style='margin-top:0px;margin-bottom:20px;'><div class=\"fusion-column-wrapper\" style=\"padding: 0px 0px 0px 0px;background-position:left top;background-repeat:no-repeat;-webkit-background-size:cover;-moz-background-size:cover;-o-background-size:cover;background-size:cover;\"   data-bg-url=\"\"><style type=\"text\/css\"><\/style><div class=\"fusion-title title fusion-title-26 fusion-sep-none fusion-title-center fusion-title-text fusion-title-size-one\" style=\"margin-top:0px;margin-bottom:31px;\"><h1 class=\"title-heading-center\" style=\"margin:0;color:#feba12;\">Copyright and Security<\/h1><\/div><style type=\"text\/css\"><\/style><div class=\"fusion-title title fusion-title-27 fusion-sep-none fusion-title-center fusion-title-text fusion-title-size-two\" style=\"margin-top:-10px;margin-bottom:31px;\"><h2 class=\"title-heading-center\" style=\"margin:0;color:#ffffff;\">Impersonation and Intellectual Property Policy<\/h2><\/div><div class=\"fusion-clearfix\"><\/div><\/div><\/div><\/div><\/div><style type=\"text\/css\">.fusion-fullwidth.fusion-builder-row-11 a:not(.fusion-button):not(.fusion-builder-module-control):not(.fusion-social-network-icon):not(.fb-icon-element):not(.fusion-countdown-link):not(.fusion-rollover-link):not(.fusion-rollover-gallery):not(.fusion-button-bar):not(.add_to_cart_button):not(.show_details_button):not(.product_type_external):not(.fusion-quick-view):not(.fusion-rollover-title-link):not(.fusion-breadcrumb-link) , .fusion-fullwidth.fusion-builder-row-11 a:not(.fusion-button):not(.fusion-builder-module-control):not(.fusion-social-network-icon):not(.fb-icon-element):not(.fusion-countdown-link):not(.fusion-rollover-link):not(.fusion-rollover-gallery):not(.fusion-button-bar):not(.add_to_cart_button):not(.show_details_button):not(.product_type_external):not(.fusion-quick-view):not(.fusion-rollover-title-link):not(.fusion-breadcrumb-link):before, .fusion-fullwidth.fusion-builder-row-11 a:not(.fusion-button):not(.fusion-builder-module-control):not(.fusion-social-network-icon):not(.fb-icon-element):not(.fusion-countdown-link):not(.fusion-rollover-link):not(.fusion-rollover-gallery):not(.fusion-button-bar):not(.add_to_cart_button):not(.show_details_button):not(.product_type_external):not(.fusion-quick-view):not(.fusion-rollover-title-link):not(.fusion-breadcrumb-link):after {color: #333333;}.fusion-fullwidth.fusion-builder-row-11 a:not(.fusion-button):not(.fusion-builder-module-control):not(.fusion-social-network-icon):not(.fb-icon-element):not(.fusion-countdown-link):not(.fusion-rollover-link):not(.fusion-rollover-gallery):not(.fusion-button-bar):not(.add_to_cart_button):not(.show_details_button):not(.product_type_external):not(.fusion-quick-view):not(.fusion-rollover-title-link):not(.fusion-breadcrumb-link):hover, .fusion-fullwidth.fusion-builder-row-11 a:not(.fusion-button):not(.fusion-builder-module-control):not(.fusion-social-network-icon):not(.fb-icon-element):not(.fusion-countdown-link):not(.fusion-rollover-link):not(.fusion-rollover-gallery):not(.fusion-button-bar):not(.add_to_cart_button):not(.show_details_button):not(.product_type_external):not(.fusion-quick-view):not(.fusion-rollover-title-link):not(.fusion-breadcrumb-link):hover:before, .fusion-fullwidth.fusion-builder-row-11 a:not(.fusion-button):not(.fusion-builder-module-control):not(.fusion-social-network-icon):not(.fb-icon-element):not(.fusion-countdown-link):not(.fusion-rollover-link):not(.fusion-rollover-gallery):not(.fusion-button-bar):not(.add_to_cart_button):not(.show_details_button):not(.product_type_external):not(.fusion-quick-view):not(.fusion-rollover-title-link):not(.fusion-breadcrumb-link):hover:after {color: #67b7e1;}.fusion-fullwidth.fusion-builder-row-11 .pagination a.inactive:hover, .fusion-fullwidth.fusion-builder-row-11 .fusion-filters .fusion-filter.fusion-active a {border-color: #67b7e1;}.fusion-fullwidth.fusion-builder-row-11 .pagination .current {border-color: #67b7e1; background-color: #67b7e1;}.fusion-fullwidth.fusion-builder-row-11 .fusion-filters .fusion-filter.fusion-active a, .fusion-fullwidth.fusion-builder-row-11 .fusion-date-and-formats .fusion-format-box, .fusion-fullwidth.fusion-builder-row-11 .fusion-popover, .fusion-fullwidth.fusion-builder-row-11 .tooltip-shortcode {color: #67b7e1;}#main .fusion-fullwidth.fusion-builder-row-11 .post .blog-shortcode-post-title a:hover {color: #67b7e1;}<\/style><div class=\"fusion-fullwidth fullwidth-box fusion-builder-row-12 nonhundred-percent-fullwidth non-hundred-percent-height-scrolling fusion-equal-height-columns\"  style='background-color: rgba(255,255,255,0);background-position: center center;background-repeat: no-repeat;padding-top:6%;padding-right:0px;padding-bottom:6%;padding-left:0px;'><div class=\"fusion-builder-row fusion-row \"><div  data-animationType=fadeInLeft data-animationDuration=1.0 data-animationOffset=100% class=\"fusion-layout-column fusion_builder_column fusion_builder_column_3_4 fusion-builder-column-16 fusion-three-fourth fusion-column-first fusion-animated 3_4\"  style='margin-top:0px;margin-bottom:20px;width:75%;width:calc(75% - ( ( 4% ) * 0.75 ) );margin-right: 4%;'><div class=\"fusion-column-wrapper fusion-column-has-shadow\" style=\"border:1px solid #dee1e4;overflow:hidden;border-radius:8px 8px 8px 8px;box-shadow:0px 10px 23px 0px rgba(0,0,0,0.05);;padding: 0px 50px 30px 50px;background-position:left top;background-repeat:no-repeat;-webkit-background-size:cover;-moz-background-size:cover;-o-background-size:cover;background-size:cover;border-radius:8px 8px 8px 8px;\"   data-bg-url=\"\"><style type=\"text\/css\">@media only screen and (max-width:1004px) {.fusion-title.fusion-title-28{margin-top:30px!important;margin-bottom:15px!important;}}<\/style><div class=\"fusion-title title fusion-title-28 fusion-sep-none fusion-title-text fusion-title-size-two\" style=\"margin-top:30px;margin-bottom:15px;\"><h2 class=\"title-heading-left\" style=\"margin:0;color:#444444;\">Auktoriseringsdokument<\/h2><\/div><div class=\"fusion-image-carousel fusion-image-carousel-auto lightbox-enabled fusion-carousel-border\"><div class=\"fusion-carousel\" data-autoplay=\"no\" data-columns=\"3\" data-itemmargin=\"13\" data-itemwidth=\"180\" data-touchscroll=\"no\" data-imagesize=\"auto\"><div class=\"fusion-carousel-positioner\"><ul class=\"fusion-carousel-holder\"><li class=\"fusion-carousel-item\"><div class=\"fusion-carousel-item-wrapper\"><div class=\"fusion-image-wrapper hover-type-zoomin\"><a data-rel=\"iLightbox[image_carousel_6]\" data-title=\"D2 Yetki Belgesi\" aria-label=\"D2 Yetki Belgesi\" href=\"https:\/\/viptransfer.web.tr\/wp-content\/uploads\/2020\/02\/D2-Yetki-Belgesi-scaled.jpg\" target=\"_self\"><img width=\"2560\" height=\"1809\" src=\"https:\/\/viptransfer.web.tr\/wp-content\/uploads\/2020\/02\/D2-Yetki-Belgesi-scaled.jpg\" class=\"attachment-full size-full\" alt=\"\" decoding=\"async\" loading=\"lazy\" srcset=\"https:\/\/viptransfer.web.tr\/wp-content\/uploads\/2020\/02\/D2-Yetki-Belgesi-200x141.jpg 200w, https:\/\/viptransfer.web.tr\/wp-content\/uploads\/2020\/02\/D2-Yetki-Belgesi-400x283.jpg 400w, https:\/\/viptransfer.web.tr\/wp-content\/uploads\/2020\/02\/D2-Yetki-Belgesi-600x424.jpg 600w, https:\/\/viptransfer.web.tr\/wp-content\/uploads\/2020\/02\/D2-Yetki-Belgesi-800x565.jpg 800w, https:\/\/viptransfer.web.tr\/wp-content\/uploads\/2020\/02\/D2-Yetki-Belgesi-1200x848.jpg 1200w, https:\/\/viptransfer.web.tr\/wp-content\/uploads\/2020\/02\/D2-Yetki-Belgesi-scaled.jpg 2560w\" sizes=\"(min-width: 2200px) 100vw, (min-width: 784px) 371px, (min-width: 712px) 557px, (min-width: 640px) 712px, \" \/><\/a><\/div><\/div><\/li><li class=\"fusion-carousel-item\"><div class=\"fusion-carousel-item-wrapper\"><div class=\"fusion-image-wrapper hover-type-zoomin\"><a data-rel=\"iLightbox[image_carousel_6]\" data-title=\"A1 Yetki Belgesi\" aria-label=\"A1 Yetki Belgesi\" href=\"https:\/\/viptransfer.web.tr\/wp-content\/uploads\/2020\/02\/A1-Yetki-Belgesi-scaled.jpg\" target=\"_self\"><img width=\"2560\" height=\"1809\" src=\"https:\/\/viptransfer.web.tr\/wp-content\/uploads\/2020\/02\/A1-Yetki-Belgesi-scaled.jpg\" class=\"attachment-full size-full\" alt=\"\" decoding=\"async\" loading=\"lazy\" srcset=\"https:\/\/viptransfer.web.tr\/wp-content\/uploads\/2020\/02\/A1-Yetki-Belgesi-200x141.jpg 200w, https:\/\/viptransfer.web.tr\/wp-content\/uploads\/2020\/02\/A1-Yetki-Belgesi-400x283.jpg 400w, https:\/\/viptransfer.web.tr\/wp-content\/uploads\/2020\/02\/A1-Yetki-Belgesi-600x424.jpg 600w, https:\/\/viptransfer.web.tr\/wp-content\/uploads\/2020\/02\/A1-Yetki-Belgesi-800x565.jpg 800w, https:\/\/viptransfer.web.tr\/wp-content\/uploads\/2020\/02\/A1-Yetki-Belgesi-1200x848.jpg 1200w, https:\/\/viptransfer.web.tr\/wp-content\/uploads\/2020\/02\/A1-Yetki-Belgesi-scaled.jpg 2560w\" sizes=\"(min-width: 2200px) 100vw, (min-width: 784px) 371px, (min-width: 712px) 557px, (min-width: 640px) 712px, \" \/><\/a><\/div><\/div><\/li><li class=\"fusion-carousel-item\"><div class=\"fusion-carousel-item-wrapper\"><div class=\"fusion-image-wrapper hover-type-zoomin\"><a data-rel=\"iLightbox[image_carousel_6]\" data-title=\"belge3a\" aria-label=\"belge3a\" href=\"https:\/\/viptransfer.web.tr\/wp-content\/uploads\/2020\/06\/belge3a.jpg\" target=\"_self\"><img width=\"800\" height=\"1109\" src=\"https:\/\/viptransfer.web.tr\/wp-content\/uploads\/2020\/06\/belge3a.jpg\" class=\"attachment-full size-full\" alt=\"\" decoding=\"async\" loading=\"lazy\" srcset=\"https:\/\/viptransfer.web.tr\/wp-content\/uploads\/2020\/06\/belge3a-200x277.jpg 200w, https:\/\/viptransfer.web.tr\/wp-content\/uploads\/2020\/06\/belge3a-400x555.jpg 400w, https:\/\/viptransfer.web.tr\/wp-content\/uploads\/2020\/06\/belge3a-600x832.jpg 600w, https:\/\/viptransfer.web.tr\/wp-content\/uploads\/2020\/06\/belge3a.jpg 800w\" sizes=\"(min-width: 2200px) 100vw, (min-width: 784px) 371px, (min-width: 712px) 557px, (min-width: 640px) 712px, \" \/><\/a><\/div><\/div><\/li><\/ul><\/div><\/div><\/div><div class=\"fusion-sep-clear\"><\/div><div class=\"fusion-separator fusion-full-width-sep sep-single sep-solid\" style=\"border-color:#e0dede;border-top-width:1px;margin-top:30px;margin-bottom:30px;\"><span class=\"icon-wrapper\" style=\"border-color:#e0dede;background-color:rgba(255,255,255,0);width: calc(14px * 2 );height: calc(14px * 2 );border-width:1px;padding:1px;margin-top:-0.5px\"><i class=\"fa-copyright fas\" style=\"color:#e0dede;font-size:14px;\"><\/i><\/span><\/div><style type=\"text\/css\">@media only screen and (max-width:1004px) {.fusion-title.fusion-title-29{margin-top:30px!important;margin-bottom:15px!important;}}<\/style><div class=\"fusion-title title fusion-title-29 fusion-sep-none fusion-title-text fusion-title-size-two\" style=\"margin-top:30px;margin-bottom:15px;\"><h2 class=\"title-heading-left\" style=\"margin:0;color:#444444;\">Mobile Applications<\/h2><\/div><div class=\"fusion-text\"><h4>Rights to Develop and Publish iOS and Android Mobile Apps belongs to:<\/h4>\n<div><\/div>\n<div>LEARTES BILGI ISLEM DIGITAL YAYINCILIK TANITIM HIZMET VE TURIZM TICARET LTD STI<\/div>\n<ul>\n<li>Apple ID: <strong>UNB9XVWNRN<\/strong><\/li>\n<li>Google ID: <strong>Leartes.NET<\/strong><\/li>\n<\/ul>\n<\/div><div class=\"fusion-clearfix\"><\/div><\/div><\/div><div  data-animationType=fadeInRight data-animationDuration=1.0 data-animationOffset=100% class=\"fusion-layout-column fusion_builder_column fusion_builder_column_1_4 fusion-builder-column-17 fusion-one-fourth fusion-column-last fusion-animated 1_4\"  style='margin-top:0px;margin-bottom:20px;width:25%;width:calc(25% - ( ( 4% ) * 0.25 ) );'><div class=\"fusion-column-wrapper\" style=\"padding: 0px 0px 0px 0px;background-position:left top;background-repeat:no-repeat;-webkit-background-size:cover;-moz-background-size:cover;-o-background-size:cover;background-size:cover;\"   data-bg-url=\"\"><div class=\"fusion-column-content-centered\"><div class=\"fusion-column-content\"><div class=\"fusion-sep-clear\"><\/div><div class=\"fusion-separator fusion-no-large-visibility fusion-full-width-sep sep-none\" style=\"margin-left: auto;margin-right: auto;margin-top:;margin-bottom:30px;\"><\/div><style type=\"text\/css\">@media only screen and (max-width:1004px) {.fusion-title.fusion-title-30{margin-top:0px!important;margin-bottom:15px!important;}}<\/style><div class=\"fusion-title title fusion-title-30 fusion-sep-none fusion-title-text fusion-title-size-two\" style=\"margin-top:0px;margin-bottom:15px;\"><h2 class=\"title-heading-left\" style=\"margin:0;color:#444444;\">Kontaktuppgifter<\/h2><\/div><div class=\"fusion-text\"><ul class=\"fa-ul\" style=\"margin-left: 2.0em;\">\n<li><i class=\"fa-li fa-lg fa-map-marker-alt fas\"><\/i>Saray Mah. Atat\u00fcrk Bulv.<br \/>\nEski Hal Camii Yan\u0131 107\/1<br \/>\nAlanya \/ ANTALYA<\/li>\n<\/ul>\n<\/div><div class=\"fusion-sep-clear\"><\/div><div class=\"fusion-separator fusion-full-width-sep sep-none\" style=\"margin-left: auto;margin-right: auto;margin-top:;margin-bottom:20px;\"><\/div><div class=\"fusion-builder-row fusion-builder-row-inner fusion-row \"><div  class=\"fusion-layout-column fusion_builder_column fusion_builder_column_1_1 fusion-builder-nested-column-6 fusion-one-full fusion-column-first fusion-column-last 1_1\"  style='margin-top: 0px;margin-bottom: 20px;'>\n\t\t\t\t\t<div class=\"fusion-column-wrapper fusion-column-wrapper-6\" style=\"overflow:hidden;border-radius:6px 6px 6px 6px;padding: 30px 20px 10px 20px;background-image: url('https:\/\/viptransfer.web.tr\/wp-content\/uploads\/2020\/08\/taxi-blog-dark.jpg');background-position:right bottom;background-blend-mode: darken;background-repeat:no-repeat;-webkit-background-size:cover;-moz-background-size:cover;-o-background-size:cover;background-size:cover;border-radius:6px 6px 6px 6px;\" data-bg-url=\"https:\/\/viptransfer.web.tr\/wp-content\/uploads\/2020\/08\/taxi-blog-dark.jpg\">\n\t\t\t\t\t\t<div class=\"imageframe-align-center\"><span style=\"width:100%;max-width:60px;\" class=\"fusion-imageframe imageframe-none imageframe-6 hover-type-none\"><img decoding=\"async\" loading=\"lazy\" src=\"https:\/\/viptransfer.web.tr\/wp-content\/uploads\/2020\/01\/avada-taxi-call-us.png\" width=\"81\" height=\"81\" alt=\"avada-taxi-call-us\" title=\"Call Us\" class=\"img-responsive wp-image-453\"\/><\/span><\/div><div class=\"fusion-sep-clear\"><\/div><div class=\"fusion-separator fusion-full-width-sep sep-none\" style=\"margin-left: auto;margin-right: auto;margin-top:10px;\"><\/div><div class=\"fusion-text\"><p class=\"text-center h5\"><strong><a class=\"text-white text-dark-link\" href=\"tel:+905357263763\">+90 535 726 37 63<\/a><\/strong><\/p>\n<p class=\"text-center h5\"><strong><a class=\"text-white text-dark-link\" href=\"tel:+905325572135\">+90 532 557 21 35<\/a><\/strong><\/p>\n<\/div>\n\n\t\t\t\t\t<\/div>\n\t\t\t\t<\/div><style type=\"text\/css\">.fusion-builder-nested-column-6{filter: hue-rotate(0deg);transition: filter 0.3s ease;}.fusion-builder-nested-column-6:hover{filter: hue-rotate(5deg);}<\/style><\/div><div class=\"fusion-sep-clear\"><\/div><div class=\"fusion-separator fusion-full-width-sep sep-none\" style=\"margin-left: auto;margin-right: auto;margin-top:;margin-bottom:20px;\"><\/div><div class=\"fusion-widget fusion-widget-element fusion-widget-area fusion-content-widget-area lbi-contact\" style=\"border-width:0px;border-style:solid;\"><div class=\"widget contact_info\">\n\t\t<div class=\"contact-info-container \">\n\t\t\t\n\t\t\t\t\t\t\t<p class=\"phone\"> +90 242 519 00 44<\/p>\n\t\t\t\n\t\t\t\n\t\t\t\n\t\t\t\n\t\t\t\t\t\t\t\t\t\t\t\t<p class=\"email\"> <a href=\"mailto:&#105;&#110;fo&#64;v&#105;&#112;tr&#97;&#110;&#115;f&#101;&#114;&#46;&#119;eb&#46;tr\">info@viptransfer.web.tr<\/a><\/p>\n\t\t\t\t\t\t\t\n\t\t\t\t\t<\/div>\n\t\t<\/div><\/div><div class=\"fusion-sep-clear\"><\/div><div class=\"fusion-separator fusion-full-width-sep sep-single sep-solid\" style=\"border-color:#e0dede;border-top-width:1px;margin-left: auto;margin-right: auto;margin-top:30px;margin-bottom:30px;\"><span class=\"icon-wrapper\" style=\"border-color:#e0dede;background-color:rgba(255,255,255,0);width: calc(14px * 2 );height: calc(14px * 2 );border-width:1px;padding:1px;margin-top:-0.5px\"><i class=\"fa-money-check fas\" style=\"color:#e0dede;font-size:14px;\"><\/i><\/span><\/div><div class=\"fusion-text\"><p><strong class=\"text-uppercase\">V\u00e5r bankkontoinformation<\/strong><\/p>\n<p><strong>Bank namn<\/strong>: Kuveyt T\u00fcrk<br \/>\n<strong>Titel<\/strong>: Alanya Transfer Tur. Sey. Ta\u015f. \u0130n\u015f.Tic.San. Ltd. \u015eti<br \/>\n<strong>IBAN<\/strong>: TR55 0020 5000 0070 4649 3000 01<\/p>\n<\/div><\/div><\/div><div class=\"fusion-clearfix\"><\/div><\/div><\/div><\/div><\/div><\/p>","protected":false},"excerpt":{"rendered":"","protected":false},"author":1,"featured_media":0,"parent":0,"menu_order":0,"comment_status":"closed","ping_status":"closed","template":"100-width.php","meta":[],"_links":{"self":[{"href":"https:\/\/viptransfer.web.tr\/sv\/wp-json\/wp\/v2\/pages\/5278"}],"collection":[{"href":"https:\/\/viptransfer.web.tr\/sv\/wp-json\/wp\/v2\/pages"}],"about":[{"href":"https:\/\/viptransfer.web.tr\/sv\/wp-json\/wp\/v2\/types\/page"}],"author":[{"embeddable":true,"href":"https:\/\/viptransfer.web.tr\/sv\/wp-json\/wp\/v2\/users\/1"}],"replies":[{"embeddable":true,"href":"https:\/\/viptransfer.web.tr\/sv\/wp-json\/wp\/v2\/comments?post=5278"}],"version-history":[{"count":4,"href":"https:\/\/viptransfer.web.tr\/sv\/wp-json\/wp\/v2\/pages\/5278\/revisions"}],"predecessor-version":[{"id":5316,"href":"https:\/\/viptransfer.web.tr\/sv\/wp-json\/wp\/v2\/pages\/5278\/revisions\/5316"}],"wp:attachment":[{"href":"https:\/\/viptransfer.web.tr\/sv\/wp-json\/wp\/v2\/media?parent=5278"}],"curies":[{"name":"wp","href":"https:\/\/api.w.org\/{rel}","templated":true}]}}